{"id":25,"date":"2023-08-18T09:36:04","date_gmt":"2023-08-18T09:36:04","guid":{"rendered":"http:\/\/immobewertung-wiesbaden.com\/WP\/?page_id=25"},"modified":"2024-05-14T12:17:32","modified_gmt":"2024-05-14T12:17:32","slug":"willkommen","status":"publish","type":"page","link":"https:\/\/immobewertung-wiesbaden.com\/WP\/","title":{"rendered":"Willkommen beim Sachverst\u00e4ndigenb\u00fcro f\u00fcr Immobilienbewertung"},"content":{"rendered":"\n<p>&#8222;<em>Heute kennt man von allem den Preis, von nichts den Wert.<\/em>&#8222;<\/p>\n\n\n\n<p><a>Oscar Wilde<\/a>\u00a0<br><br>Ich bewerte und analysiere in Ihrem Auftrag Ihre Immobilie. Es handelt sich um eine gewissenhafte und neutrale Bewertung Ihrer Immobilie, bei der alle Einzelheiten beachtet und gew\u00fcrdigt werden.<\/p>\n\n\n\n<p>Die Wertgutachten werden von mir pers\u00f6nlich zeitnah, unabh\u00e4ngig, weisungsfrei und unparteiisch erstellt.<\/p>\n\n\n\n<p>Aufgrund langj\u00e4hriger und umfassender Erfahrung sowie einem ausgewogenen Netzwerk in der Immobilienwirtschaft biete ich Ihnen dar\u00fcber hinaus kompetente und pers\u00f6nliche Beratung rund um die Immobilie.<\/p>\n\n\n\n<p>Meine Qualifikation nach DIN EN ISO\/IEC 17024 hat internationale G\u00fcltigkeit und Anerkennung und erf\u00fcllt die Qualit\u00e4tsanforderungen von \u00c4mtern, Gerichten und Beh\u00f6rden (z.B. Finanzbeh\u00f6rden).<\/p>\n","protected":false},"excerpt":{"rendered":"<p>&#8222;Heute kennt man von allem den Preis, von nichts den Wert.&#8222; Oscar Wilde\u00a0 Ich bewerte und analysiere in Ihrem Auftrag Ihre Immobilie. Es handelt sich um eine gewissenhafte und neutrale Bewertung Ihrer Immobilie, bei der alle Einzelheiten beachtet und gew\u00fcrdigt werden. Die Wertgutachten werden von mir pers\u00f6nlich zeitnah, unabh\u00e4ngig, weisungsfrei und unparteiisch erstellt. Aufgrund langj\u00e4hriger &hellip; <\/p>\n<p class=\"link-more\"><a href=\"https:\/\/immobewertung-wiesbaden.com\/WP\/\" class=\"more-link\"><span class=\"screen-reader-text\">\u201eWillkommen beim Sachverst\u00e4ndigenb\u00fcro f\u00fcr Immobilienbewertung\u201c <\/span>weiterlesen<\/a><\/p>\n","protected":false},"author":1,"featured_media":469,"parent":0,"menu_order":0,"comment_status":"closed","ping_status":"closed","template":"","meta":{"footnotes":""},"class_list":["post-25","page","type-page","status-publish","has-post-thumbnail","hentry"],"_links":{"self":[{"href":"https:\/\/immobewertung-wiesbaden.com\/WP\/index.php?rest_route=\/wp\/v2\/pages\/25","targetHints":{"allow":["GET"]}}],"collection":[{"href":"https:\/\/immobewertung-wiesbaden.com\/WP\/index.php?rest_route=\/wp\/v2\/pages"}],"about":[{"href":"https:\/\/immobewertung-wiesbaden.com\/WP\/index.php?rest_route=\/wp\/v2\/types\/page"}],"author":[{"embeddable":true,"href":"https:\/\/immobewertung-wiesbaden.com\/WP\/index.php?rest_route=\/wp\/v2\/users\/1"}],"replies":[{"embeddable":true,"href":"https:\/\/immobewertung-wiesbaden.com\/WP\/index.php?rest_route=%2Fwp%2Fv2%2Fcomments&post=25"}],"version-history":[{"count":10,"href":"https:\/\/immobewertung-wiesbaden.com\/WP\/index.php?rest_route=\/wp\/v2\/pages\/25\/revisions"}],"predecessor-version":[{"id":627,"href":"https:\/\/immobewertung-wiesbaden.com\/WP\/index.php?rest_route=\/wp\/v2\/pages\/25\/revisions\/627"}],"wp:featuredmedia":[{"embeddable":true,"href":"https:\/\/immobewertung-wiesbaden.com\/WP\/index.php?rest_route=\/wp\/v2\/media\/469"}],"wp:attachment":[{"href":"https:\/\/immobewertung-wiesbaden.com\/WP\/index.php?rest_route=%2Fwp%2Fv2%2Fmedia&parent=25"}],"curies":[{"name":"wp","href":"https:\/\/api.w.org\/{rel}","templated":true}]}}