{"id":28,"date":"2023-08-18T09:37:50","date_gmt":"2023-08-18T09:37:50","guid":{"rendered":"http:\/\/immobewertung-wiesbaden.com\/WP\/?page_id=28"},"modified":"2025-04-07T10:49:41","modified_gmt":"2025-04-07T10:49:41","slug":"ueber-mich","status":"publish","type":"page","link":"https:\/\/immobewertung-wiesbaden.com\/WP\/?page_id=28","title":{"rendered":"\u00dcber mich"},"content":{"rendered":"<div class=\"wp-block-image\">\n<figure class=\"alignleft size-full is-resized\"><img loading=\"lazy\" decoding=\"async\" width=\"750\" height=\"1050\" src=\"https:\/\/immobewertung-wiesbaden.com\/WP\/wp-content\/uploads\/2024\/02\/IMG_6216-v4.png\" alt=\"\" class=\"wp-image-461\" style=\"aspect-ratio:0.7476340694006309;object-fit:cover;width:205px;height:auto\" srcset=\"https:\/\/immobewertung-wiesbaden.com\/WP\/wp-content\/uploads\/2024\/02\/IMG_6216-v4.png 750w, https:\/\/immobewertung-wiesbaden.com\/WP\/wp-content\/uploads\/2024\/02\/IMG_6216-v4-214x300.png 214w, https:\/\/immobewertung-wiesbaden.com\/WP\/wp-content\/uploads\/2024\/02\/IMG_6216-v4-731x1024.png 731w\" sizes=\"auto, (max-width: 706px) 89vw, (max-width: 767px) 82vw, 740px\" \/><\/figure>\n<\/div>\n\n\n<p>Seit \u00fcber 25 Jahren bin ich als selbstst\u00e4ndige Sachverst\u00e4ndige f\u00fcr Immobilienbewertung t\u00e4tig. Neben meiner selbstst\u00e4ndigen T\u00e4tigkeit habe ich umfangreiches Wissen und Erfahrungen als Immobiliensachverst\u00e4ndige in nationalen und internationalen Bewertungsh\u00e4usern und Banken sammeln k\u00f6nnen.<br><br>Meine Leidenschaft f\u00fcr Immobilien verbunden mit viel pers\u00f6nlichem Engagement, fachlicher Kompetenz und Kundenorientierung steht bei meiner T\u00e4tigkeit als Immobiliensachverst\u00e4ndige im Fokus.<\/p>\n\n\n\n<p><br><br>Seit 1998:<br>Sachverst\u00e4ndigenb\u00fcro Dipl.-Ing. (FH) Daniela Mierswa<\/p>\n\n\n\n<p>1999-2001:<br>Berufsbegleitendes Studium an der Deutschen Immobilienakademie in Freiburg mit Abschluss zur Dipl. Sachverst\u00e4ndigen (DIA) f\u00fcr die Bewertung bebauter und unbebauter Grundst\u00fccke sowie Mieten und Pachten.<\/p>\n\n\n\n<p>Seit 2016:<br>Zertifizierung als Immobiliengutachterin DIAZert (LF) -DIN EN ISO\/IEC 17024 f\u00fcr die Marktwertermittlung aller Immobilienarten.<br><br>Seit 2025:<br>Zertifizierte Sachverst\u00e4ndige f\u00fcr Immobilienbewertung (DIAZert)\u00a0<br>f\u00fcr die Marktwertermittlung aller Immobilienarten (LF) &#8211; DIA Consulting AG (DIN EN ISO\/IEC 17024)<\/p>\n","protected":false},"excerpt":{"rendered":"<p>Seit \u00fcber 25 Jahren bin ich als selbstst\u00e4ndige Sachverst\u00e4ndige f\u00fcr Immobilienbewertung t\u00e4tig. Neben meiner selbstst\u00e4ndigen T\u00e4tigkeit habe ich umfangreiches Wissen und Erfahrungen als Immobiliensachverst\u00e4ndige in nationalen und internationalen Bewertungsh\u00e4usern und Banken sammeln k\u00f6nnen. Meine Leidenschaft f\u00fcr Immobilien verbunden mit viel pers\u00f6nlichem Engagement, fachlicher Kompetenz und Kundenorientierung steht bei meiner T\u00e4tigkeit als Immobiliensachverst\u00e4ndige im Fokus. Seit &hellip; <\/p>\n<p class=\"link-more\"><a href=\"https:\/\/immobewertung-wiesbaden.com\/WP\/?page_id=28\" class=\"more-link\"><span class=\"screen-reader-text\">\u201e\u00dcber mich\u201c <\/span>weiterlesen<\/a><\/p>\n","protected":false},"author":1,"featured_media":265,"parent":0,"menu_order":0,"comment_status":"closed","ping_status":"closed","template":"","meta":{"footnotes":""},"class_list":["post-28","page","type-page","status-publish","has-post-thumbnail","hentry"],"_links":{"self":[{"href":"https:\/\/immobewertung-wiesbaden.com\/WP\/index.php?rest_route=\/wp\/v2\/pages\/28","targetHints":{"allow":["GET"]}}],"collection":[{"href":"https:\/\/immobewertung-wiesbaden.com\/WP\/index.php?rest_route=\/wp\/v2\/pages"}],"about":[{"href":"https:\/\/immobewertung-wiesbaden.com\/WP\/index.php?rest_route=\/wp\/v2\/types\/page"}],"author":[{"embeddable":true,"href":"https:\/\/immobewertung-wiesbaden.com\/WP\/index.php?rest_route=\/wp\/v2\/users\/1"}],"replies":[{"embeddable":true,"href":"https:\/\/immobewertung-wiesbaden.com\/WP\/index.php?rest_route=%2Fwp%2Fv2%2Fcomments&post=28"}],"version-history":[{"count":27,"href":"https:\/\/immobewertung-wiesbaden.com\/WP\/index.php?rest_route=\/wp\/v2\/pages\/28\/revisions"}],"predecessor-version":[{"id":679,"href":"https:\/\/immobewertung-wiesbaden.com\/WP\/index.php?rest_route=\/wp\/v2\/pages\/28\/revisions\/679"}],"wp:featuredmedia":[{"embeddable":true,"href":"https:\/\/immobewertung-wiesbaden.com\/WP\/index.php?rest_route=\/wp\/v2\/media\/265"}],"wp:attachment":[{"href":"https:\/\/immobewertung-wiesbaden.com\/WP\/index.php?rest_route=%2Fwp%2Fv2%2Fmedia&parent=28"}],"curies":[{"name":"wp","href":"https:\/\/api.w.org\/{rel}","templated":true}]}}