{"id":31,"date":"2023-08-18T09:38:47","date_gmt":"2023-08-18T09:38:47","guid":{"rendered":"http:\/\/immobewertung-wiesbaden.com\/WP\/?page_id=31"},"modified":"2024-09-17T11:04:19","modified_gmt":"2024-09-17T11:04:19","slug":"meine-leistungen","status":"publish","type":"page","link":"https:\/\/immobewertung-wiesbaden.com\/WP\/?page_id=31","title":{"rendered":"Meine Leistungen"},"content":{"rendered":"\n<ul class=\"wp-block-list\">\n<li>Erstellung von Verkehrswert- und Beleihungswertgutachten<\/li>\n\n\n\n<li>Wertindikationen (Marktwerteinsch\u00e4tzungen \/ Kurzgutachten)<\/li>\n\n\n\n<li>Berechnung der tats\u00e4chlichen k\u00fcrzeren Restnutzungsdauer (RND) von Geb\u00e4uden zur Erh\u00f6hung der Geb\u00e4udeabschreibung (AfA) gem. \u00a7 7 Abs.4 Satz 2 EStG<\/li>\n\n\n\n<li>Portfoliobewertungen<\/li>\n\n\n\n<li>Kundenorientierte Beratung und Analysen zum Thema Immobilie und deren Wert<\/li>\n\n\n\n<li>An- und Verkaufsberatung sowie fachliche Unterst\u00fctzung in der Abwicklung<\/li>\n\n\n\n<li>\u00dcberpr\u00fcfung und Plausibilisierung externer Gutachten<\/li>\n\n\n\n<li>Research und \u00dcberpr\u00fcfung von Marktdaten<\/li>\n\n\n\n<li>Bautenstandsberichte und Beweissicherungsgutachten<\/li>\n\n\n\n<li>Erstellung von Wohn- und Nutzfl\u00e4chenberechnungen<\/li>\n\n\n\n<li>Neutrale Bewertung und mediative Beratung bei Auseinandersetzungen im Bereich Immobilien (z.B. gegen\u00fcber dem Finanzamt, in privaten Streitigkeiten wie Nachlassangelegenheiten, Trennung \/ Scheidung, Differenzen bei Eigent\u00fcmergemeinschaften, Immobilien\u00fcbertragungen im Zuge des Generationswechsels)<\/li>\n\n\n\n<li>Due Diligence Pr\u00fcfungen (z.B. analysieren von St\u00e4rken und Schw\u00e4chen des Objekts sowie den entsprechenden&nbsp;Risiken)<\/li>\n<\/ul>\n\n\n\n<p>\u200bDar\u00fcber hinaus kann ich Sie, aufgrund meines bestehenden Netzwerkes an Fachleuten aus der Immobilienbranche sowie der engen Zusammenarbeit mit \u00f6ffentlich bestellten und vereidigten (\u00f6.b.u.v.) und zertifizierten Sachverst\u00e4ndigen aus anderen Bereichen, themen\u00fcbergreifend beraten und Ihnen weiterhelfen.<\/p>\n\n\n\n<p><\/p>\n","protected":false},"excerpt":{"rendered":"<p>\u200bDar\u00fcber hinaus kann ich Sie, aufgrund meines bestehenden Netzwerkes an Fachleuten aus der Immobilienbranche sowie der engen Zusammenarbeit mit \u00f6ffentlich bestellten und vereidigten (\u00f6.b.u.v.) und zertifizierten Sachverst\u00e4ndigen aus anderen Bereichen, themen\u00fcbergreifend beraten und Ihnen weiterhelfen.<\/p>\n","protected":false},"author":1,"featured_media":270,"parent":0,"menu_order":0,"comment_status":"closed","ping_status":"closed","template":"","meta":{"footnotes":""},"class_list":["post-31","page","type-page","status-publish","has-post-thumbnail","hentry"],"_links":{"self":[{"href":"https:\/\/immobewertung-wiesbaden.com\/WP\/index.php?rest_route=\/wp\/v2\/pages\/31","targetHints":{"allow":["GET"]}}],"collection":[{"href":"https:\/\/immobewertung-wiesbaden.com\/WP\/index.php?rest_route=\/wp\/v2\/pages"}],"about":[{"href":"https:\/\/immobewertung-wiesbaden.com\/WP\/index.php?rest_route=\/wp\/v2\/types\/page"}],"author":[{"embeddable":true,"href":"https:\/\/immobewertung-wiesbaden.com\/WP\/index.php?rest_route=\/wp\/v2\/users\/1"}],"replies":[{"embeddable":true,"href":"https:\/\/immobewertung-wiesbaden.com\/WP\/index.php?rest_route=%2Fwp%2Fv2%2Fcomments&post=31"}],"version-history":[{"count":31,"href":"https:\/\/immobewertung-wiesbaden.com\/WP\/index.php?rest_route=\/wp\/v2\/pages\/31\/revisions"}],"predecessor-version":[{"id":650,"href":"https:\/\/immobewertung-wiesbaden.com\/WP\/index.php?rest_route=\/wp\/v2\/pages\/31\/revisions\/650"}],"wp:featuredmedia":[{"embeddable":true,"href":"https:\/\/immobewertung-wiesbaden.com\/WP\/index.php?rest_route=\/wp\/v2\/media\/270"}],"wp:attachment":[{"href":"https:\/\/immobewertung-wiesbaden.com\/WP\/index.php?rest_route=%2Fwp%2Fv2%2Fmedia&parent=31"}],"curies":[{"name":"wp","href":"https:\/\/api.w.org\/{rel}","templated":true}]}}