{"id":56,"date":"2023-08-18T09:52:00","date_gmt":"2023-08-18T09:52:00","guid":{"rendered":"http:\/\/immobewertung-wiesbaden.com\/WP\/?page_id=56"},"modified":"2025-04-08T10:58:37","modified_gmt":"2025-04-08T10:58:37","slug":"kontakt-impressum","status":"publish","type":"page","link":"https:\/\/immobewertung-wiesbaden.com\/WP\/?page_id=56","title":{"rendered":"Kontakt &#038; Impressum"},"content":{"rendered":"\n<figure class=\"wp-block-image size-large is-resized\"><img loading=\"lazy\" decoding=\"async\" width=\"1024\" height=\"799\" src=\"https:\/\/immobewertung-wiesbaden.com\/WP\/wp-content\/uploads\/2024\/02\/logo-beige01-1024x799.jpg\" alt=\"\" class=\"wp-image-610\" style=\"width:231px;height:auto\" srcset=\"https:\/\/immobewertung-wiesbaden.com\/WP\/wp-content\/uploads\/2024\/02\/logo-beige01-1024x799.jpg 1024w, https:\/\/immobewertung-wiesbaden.com\/WP\/wp-content\/uploads\/2024\/02\/logo-beige01-300x234.jpg 300w, https:\/\/immobewertung-wiesbaden.com\/WP\/wp-content\/uploads\/2024\/02\/logo-beige01-768x599.jpg 768w, https:\/\/immobewertung-wiesbaden.com\/WP\/wp-content\/uploads\/2024\/02\/logo-beige01.jpg 1317w\" sizes=\"auto, (max-width: 767px) 89vw, (max-width: 1000px) 54vw, (max-width: 1071px) 543px, 580px\" \/><\/figure>\n\n\n\n<p>Sachverst\u00e4ndigenb\u00fcro<br>Dipl.-Ing. (FH) Daniela Mierswa<br><br>Zertifizierte Sachverst\u00e4ndige f\u00fcr Immobilienbewertung (DIAZert)&nbsp;<br>f\u00fcr die Marktwertermittlung aller Immobilienarten (LF) &#8211;<br>DIA Consulting AG (DIN EN ISO\/IEC 17024)<\/p>\n\n\n\n<figure class=\"wp-block-image size-full is-resized\"><img loading=\"lazy\" decoding=\"async\" width=\"380\" height=\"380\" src=\"https:\/\/immobewertung-wiesbaden.com\/WP\/wp-content\/uploads\/2025\/04\/DIAZert-Stempel_2025-beige2.jpg\" alt=\"\" class=\"wp-image-685\" style=\"width:234px;height:auto\" srcset=\"https:\/\/immobewertung-wiesbaden.com\/WP\/wp-content\/uploads\/2025\/04\/DIAZert-Stempel_2025-beige2.jpg 380w, https:\/\/immobewertung-wiesbaden.com\/WP\/wp-content\/uploads\/2025\/04\/DIAZert-Stempel_2025-beige2-300x300.jpg 300w, https:\/\/immobewertung-wiesbaden.com\/WP\/wp-content\/uploads\/2025\/04\/DIAZert-Stempel_2025-beige2-150x150.jpg 150w, https:\/\/immobewertung-wiesbaden.com\/WP\/wp-content\/uploads\/2025\/04\/DIAZert-Stempel_2025-beige2-100x100.jpg 100w\" sizes=\"auto, (max-width: 380px) 100vw, 380px\" \/><\/figure>\n\n\n\n<p>Dipl. Sachverst\u00e4ndige (DIA) f\u00fcr die Bewertung bebauter und unbebauter Grundst\u00fccke sowie Mieten und Pachten<\/p>\n\n\n\n<p>Walkm\u00fchltalanlagen 13 <br>D &#8211; 65195 Wiesbaden<br>Tel. +49 611 945 0693<br>Fax.&nbsp;+49 611 4050 813<br>Mobil +49 177 4050 813<br>Steuer ID gem. \u00a7 27a UStG: 50 184 623 750<\/p>\n\n\n\n<p>Email: <a href=\"mailto:d.mierswa@immobewertung-wiesbaden.com\">d.mierswa@immobewertung-wiesbaden.com<\/a><\/p>\n\n\n\n<p>URL: <a href=\"http:\/\/www.immobewertung-wiesbaden.com\">www.immobewertung-wiesbaden.com<\/a><br><br>Verbraucherstreitbeilegung\/Universalschlichtungsstelle:<br>Wir sind nicht bereit oder verpflichtet, an Streitbeilegungsverfahren vor einer Verbraucherschlichtungsstelle teilzunehmen.<br><br>Webdesign: \u00a9 <a href=\"http:\/\/www.pagewerk.de\">PAGEWERK GbR<\/a><br>Photos: \u00a9 <a href=\"http:\/\/www.immobewertung-wiesbaden.com\">Daniela Mierswa<\/a>, \u00a9 <a href=\"http:\/\/www.nitrox21.de\">nitrox21.de<\/a>, \u00a9 iStock<\/p>\n","protected":false},"excerpt":{"rendered":"<p>Sachverst\u00e4ndigenb\u00fcroDipl.-Ing. (FH) Daniela Mierswa Zertifizierte Sachverst\u00e4ndige f\u00fcr Immobilienbewertung (DIAZert)&nbsp;f\u00fcr die Marktwertermittlung aller Immobilienarten (LF) &#8211;DIA Consulting AG (DIN EN ISO\/IEC 17024) Dipl. Sachverst\u00e4ndige (DIA) f\u00fcr die Bewertung bebauter und unbebauter Grundst\u00fccke sowie Mieten und Pachten Walkm\u00fchltalanlagen 13 D &#8211; 65195 WiesbadenTel. +49 611 945 0693Fax.&nbsp;+49 611 4050 813Mobil +49 177 4050 813Steuer ID gem. \u00a7 &hellip; <\/p>\n<p class=\"link-more\"><a href=\"https:\/\/immobewertung-wiesbaden.com\/WP\/?page_id=56\" class=\"more-link\"><span class=\"screen-reader-text\">\u201eKontakt &#038; Impressum\u201c <\/span>weiterlesen<\/a><\/p>\n","protected":false},"author":1,"featured_media":94,"parent":0,"menu_order":0,"comment_status":"closed","ping_status":"closed","template":"","meta":{"footnotes":""},"class_list":["post-56","page","type-page","status-publish","has-post-thumbnail","hentry"],"_links":{"self":[{"href":"https:\/\/immobewertung-wiesbaden.com\/WP\/index.php?rest_route=\/wp\/v2\/pages\/56","targetHints":{"allow":["GET"]}}],"collection":[{"href":"https:\/\/immobewertung-wiesbaden.com\/WP\/index.php?rest_route=\/wp\/v2\/pages"}],"about":[{"href":"https:\/\/immobewertung-wiesbaden.com\/WP\/index.php?rest_route=\/wp\/v2\/types\/page"}],"author":[{"embeddable":true,"href":"https:\/\/immobewertung-wiesbaden.com\/WP\/index.php?rest_route=\/wp\/v2\/users\/1"}],"replies":[{"embeddable":true,"href":"https:\/\/immobewertung-wiesbaden.com\/WP\/index.php?rest_route=%2Fwp%2Fv2%2Fcomments&post=56"}],"version-history":[{"count":23,"href":"https:\/\/immobewertung-wiesbaden.com\/WP\/index.php?rest_route=\/wp\/v2\/pages\/56\/revisions"}],"predecessor-version":[{"id":718,"href":"https:\/\/immobewertung-wiesbaden.com\/WP\/index.php?rest_route=\/wp\/v2\/pages\/56\/revisions\/718"}],"wp:featuredmedia":[{"embeddable":true,"href":"https:\/\/immobewertung-wiesbaden.com\/WP\/index.php?rest_route=\/wp\/v2\/media\/94"}],"wp:attachment":[{"href":"https:\/\/immobewertung-wiesbaden.com\/WP\/index.php?rest_route=%2Fwp%2Fv2%2Fmedia&parent=56"}],"curies":[{"name":"wp","href":"https:\/\/api.w.org\/{rel}","templated":true}]}}