{"id":646,"date":"2024-09-17T11:02:18","date_gmt":"2024-09-17T11:02:18","guid":{"rendered":"https:\/\/immobewertung-wiesbaden.com\/WP\/?page_id=646"},"modified":"2025-08-25T11:02:39","modified_gmt":"2025-08-25T11:02:39","slug":"honorar","status":"publish","type":"page","link":"https:\/\/immobewertung-wiesbaden.com\/WP\/?page_id=646","title":{"rendered":"Honorar"},"content":{"rendered":"\n<figure class=\"wp-block-table\"><table class=\"has-fixed-layout\"><tbody><tr><td><strong>Unbelasteter Verkehrswert<\/strong><\/td><td><strong>Honorar Vollgutachten netto<\/strong><\/td><\/tr><tr><td>bis 300.000 \u20ac<\/td><td>2.600 \u20ac<\/td><\/tr><tr><td>400.000 \u20ac<\/td><td>2.750 \u20ac<\/td><\/tr><tr><td>\u00a0500.000 \u20ac<\/td><td>2.900 \u20ac<\/td><\/tr><tr><td>1.000.000 \u20ac<\/td><td>3.500 \u20ac<\/td><\/tr><tr><td>1.500.000 \u20ac<\/td><td>4.100 \u20ac<\/td><\/tr><tr><td>2.000.000 \u20ac<\/td><td>4.700 \u20ac<\/td><\/tr><tr><td>2.500.000 \u20ac<\/td><td>5.300 \u20ac<\/td><\/tr><tr><td>3.000.000 \u20ac<\/td><td>5.800 \u20ac<\/td><\/tr><tr><td>4.000.000 \u20ac<\/td><td>7.000 \u20ac<\/td><\/tr><tr><td>5.000.000 \u20ac<\/td><td>7.900 \u20ac<\/td><\/tr><tr><td>7.000.000 \u20ac<\/td><td>9.600 \u20ac<\/td><\/tr><tr><td>10.000.000 \u20ac<\/td><td>12.200 \u20ac<\/td><\/tr><tr><td>\u00fcber 10.000.000 \u20ac<\/td><td>Nach Absprache<\/td><\/tr><\/tbody><\/table><\/figure>\n\n\n\n<p>Honorare f\u00fcr <strong>Kurzgutachten<\/strong> werden nach der Honorartafel abzgl. eines Abschlags in H\u00f6he von 30 % abgerechnet.<\/p>\n\n\n\n<p>Honorare f\u00fcr An- und Verkaufsberatung (Expertise) werden pauschal berechnet:<\/p>\n\n\n\n<figure class=\"wp-block-table\"><table class=\"has-fixed-layout\"><tbody><tr><td>Bis max. 750 TEUR Verkehrswert:<\/td><td>900 \u20ac<\/td><\/tr><tr><td>Zwischen 750 TEUR. und 1,0 Mio \u20ac Verkehrswert:<\/td><td>1.200 \u20ac<\/td><\/tr><tr><td>\u00dcber 1,0 Mio. \u20ac Verkehrswert sowie MFH\/ WuGH etc. :<\/td><td>1.400 \u20ac<\/td><\/tr><\/tbody><\/table><\/figure>\n\n\n\n<p>Honorar f\u00fcr die Berechnung der k\u00fcrzeren tats\u00e4chlichen Restnutzungsdauer:<\/p>\n\n\n\n<figure class=\"wp-block-table\"><table class=\"has-fixed-layout\"><tbody><tr><td>Bis 499 m\u00b2 Wohn-\/Nutzfl\u00e4che:<\/td><td>1.450 \u20ac<\/td><\/tr><tr><td>500 bis 999 m\u00b2 Wohn-\/Nutzfl\u00e4che:<\/td><td>1.750 \u20ac<\/td><\/tr><tr><td>1.000 bis 2.499 m\u00b2 Wohn-\/Nutzfl\u00e4che: <\/td><td>2.250 \u20ac<\/td><\/tr><tr><td>Ab 2.500 m\u00b2 Wohn-\/Nutzfl\u00e4che:<\/td><td>2.650 \u20ac<\/td><\/tr><\/tbody><\/table><\/figure>\n\n\n\n<p>Nicht aufgef\u00fchrte Zusatzleistungen werden nach Zeitaufwand zu folgenden Stundens\u00e4tzen abgerechnet:&nbsp;<\/p>\n\n\n\n<figure class=\"wp-block-table\"><table class=\"has-fixed-layout\"><tbody><tr><td>Sachverst\u00e4ndige:<\/td><td>160 \u20ac<\/td><\/tr><tr><td>Hilfskraft:<\/td><td>65 \u20ac<\/td><\/tr><\/tbody><\/table><\/figure>\n\n\n\n<p>Eine pers\u00f6nliche Begehung des Bewertungsobjektes ist i.d.R. obligatorisch und im Honorar enthalten.<\/p>\n\n\n\n<p>Die oben genannten pauschalen Grundhonorare verstehen sich bereits inklusive Nebenkosten wie Kopien, Anfertigung von Lichtbildern, Porto, Anfahrtskosten und Anfahrtszeiten.&nbsp;<\/p>\n\n\n\n<p>S\u00e4mtliche Honorare verstehen sich in Euro zuz\u00fcglich der gesetzlichen Mehrwertsteuer in der jeweils g\u00fcltigen H\u00f6he.<\/p>\n","protected":false},"excerpt":{"rendered":"<p>Unbelasteter Verkehrswert Honorar Vollgutachten netto bis 300.000 \u20ac 2.600 \u20ac 400.000 \u20ac 2.750 \u20ac \u00a0500.000 \u20ac 2.900 \u20ac 1.000.000 \u20ac 3.500 \u20ac 1.500.000 \u20ac 4.100 \u20ac 2.000.000 \u20ac 4.700 \u20ac 2.500.000 \u20ac 5.300 \u20ac 3.000.000 \u20ac 5.800 \u20ac 4.000.000 \u20ac 7.000 \u20ac 5.000.000 \u20ac 7.900 \u20ac 7.000.000 \u20ac 9.600 \u20ac 10.000.000 \u20ac 12.200 \u20ac \u00fcber &hellip; <\/p>\n<p class=\"link-more\"><a href=\"https:\/\/immobewertung-wiesbaden.com\/WP\/?page_id=646\" class=\"more-link\"><span class=\"screen-reader-text\">\u201eHonorar\u201c <\/span>weiterlesen<\/a><\/p>\n","protected":false},"author":1,"featured_media":98,"parent":0,"menu_order":0,"comment_status":"closed","ping_status":"closed","template":"","meta":{"footnotes":""},"class_list":["post-646","page","type-page","status-publish","has-post-thumbnail","hentry"],"_links":{"self":[{"href":"https:\/\/immobewertung-wiesbaden.com\/WP\/index.php?rest_route=\/wp\/v2\/pages\/646","targetHints":{"allow":["GET"]}}],"collection":[{"href":"https:\/\/immobewertung-wiesbaden.com\/WP\/index.php?rest_route=\/wp\/v2\/pages"}],"about":[{"href":"https:\/\/immobewertung-wiesbaden.com\/WP\/index.php?rest_route=\/wp\/v2\/types\/page"}],"author":[{"embeddable":true,"href":"https:\/\/immobewertung-wiesbaden.com\/WP\/index.php?rest_route=\/wp\/v2\/users\/1"}],"replies":[{"embeddable":true,"href":"https:\/\/immobewertung-wiesbaden.com\/WP\/index.php?rest_route=%2Fwp%2Fv2%2Fcomments&post=646"}],"version-history":[{"count":8,"href":"https:\/\/immobewertung-wiesbaden.com\/WP\/index.php?rest_route=\/wp\/v2\/pages\/646\/revisions"}],"predecessor-version":[{"id":730,"href":"https:\/\/immobewertung-wiesbaden.com\/WP\/index.php?rest_route=\/wp\/v2\/pages\/646\/revisions\/730"}],"wp:featuredmedia":[{"embeddable":true,"href":"https:\/\/immobewertung-wiesbaden.com\/WP\/index.php?rest_route=\/wp\/v2\/media\/98"}],"wp:attachment":[{"href":"https:\/\/immobewertung-wiesbaden.com\/WP\/index.php?rest_route=%2Fwp%2Fv2%2Fmedia&parent=646"}],"curies":[{"name":"wp","href":"https:\/\/api.w.org\/{rel}","templated":true}]}}